{"id":5494,"date":"2018-02-08T15:28:52","date_gmt":"2018-02-08T14:28:52","guid":{"rendered":"https:\/\/www.fioreriaconsolininicola.it\/ueber-uns\/"},"modified":"2024-10-02T03:21:21","modified_gmt":"2024-10-02T01:21:21","slug":"ueber-uns","status":"publish","type":"page","link":"https:\/\/www.fioreriaconsolininicola.it\/de\/ueber-uns\/","title":{"rendered":"\u00dcber uns"},"content":{"rendered":"<section class=\"wpb-content-wrapper\"><p>[vc_row row_content_width=&#8220;grid&#8220; css=&#8220;.vc_custom_1709073514854{margin-top: 80px !important;margin-bottom: 160px !important;}&#8220;][vc_column][vc_row_inner][vc_column_inner width=&#8220;1\/2&#8243;]<div class=\"mkdf-elements-holder   mkdf-one-column  mkdf-responsive-mode-768 \" ><div class=\"mkdf-eh-item    \"  data-item-class=\"mkdf-eh-custom-8807\" data-1280-1600=\"23px 6% 0 0\" data-1024-1280=\"23px 6% 0 0\" data-768-1024=\"0 22% 91px 0\" data-680-768=\"0 1% 91px 0\" data-680=\"0 0 91px 2%\">\n\t<div class=\"mkdf-eh-item-inner\">\n\t\t<div class=\"mkdf-eh-item-content mkdf-eh-custom-8807\" style=\"padding: 28px 10% 0 0\">\n\t\t\t<div class=\"mkdf-section-title-holder  \" >\n\t<div class=\"mkdf-st-inner\">\n                <span class=\"mkdf-st-tagline-text\" >\n            Blumenkunst und Qualit\u00e4tsservice        <\/span>\n    \t\t\t\t\t<h2 class=\"mkdf-st-title\" >\n\t\t\t\tUnsere Geschichte\t\t\t<\/h2>\n\t\t\t\t\t\t\t<p class=\"mkdf-st-text\" style=\"margin-top: 21px\">\n\t\t\t\tMein Name ist Nicola Consolini<br \/>\nIch habe diesen Job bereits im Alter von 15 Jahren in dem von meinen Eltern gegr\u00fcndeten Unternehmen begonnen.<br \/>\nNach dem Besuch von Floristenkursen entdeckte ich meine Leidenschaft f\u00fcr diesen Beruf, indem ich verschiedenste Kompositionen und Blumenstr\u00e4u\u00dfe kreierte.<br \/>\nIm Jahr 1997 wurde ich Eigent\u00fcmerin und habe den Laden nach meinen W\u00fcnschen gestaltet und die Ausstellungsr\u00e4ume in einem Kontext verbessert, der an ferne Zeiten erinnert ... ein Blumenladen in einem Keller, in dem vor vielen Jahren Wein hergestellt wurde, mit den dazugeh\u00f6rigen Produkten Ausr\u00fcstung, die einst im Gr\u00fcnen versunken war.\t\t\t<\/p>\n\t\t\t<\/div>\n<\/div>[vc_empty_space height=&#8220;31px&#8220;][vc_single_image image=&#8220;43&#8243; img_size=&#8220;full&#8220; alignment=&#8220;right&#8220; css=&#8220;.vc_custom_1519398578468{margin-top: -360px !important;}&#8220;]\t\t<\/div>\n\t<\/div>\n<\/div><\/div>[\/vc_column_inner][vc_column_inner width=&#8220;1\/2&#8243;][vc_single_image image=&#8220;2617&#8243; img_size=&#8220;635&#215;390&#8243;][\/vc_column_inner][\/vc_row_inner][vc_row_inner css=&#8220;.vc_custom_1709073664913{margin-top: 80px !important;margin-bottom: 80px !important;}&#8220; el_id=&#8220;chi-siamo-2&#8243;][vc_column_inner width=&#8220;1\/2&#8243;][vc_single_image image=&#8220;2619&#8243; img_size=&#8220;635&#215;390&#8243;][\/vc_column_inner][vc_column_inner width=&#8220;1\/2&#8243;]<div class=\"mkdf-elements-holder   mkdf-one-column  mkdf-responsive-mode-768 \" ><div class=\"mkdf-eh-item    \"  data-item-class=\"mkdf-eh-custom-7623\" data-1280-1600=\"23px 6% 0 0\" data-1024-1280=\"23px 6% 0 0\" data-768-1024=\"0 22% 91px 0\" data-680-768=\"0 1% 91px 0\" data-680=\"0 0 91px 2%\">\n\t<div class=\"mkdf-eh-item-inner\">\n\t\t<div class=\"mkdf-eh-item-content mkdf-eh-custom-7623\" style=\"padding: 28px 10% 0 0\">\n\t\t\t<div class=\"mkdf-section-title-holder  \" >\n\t<div class=\"mkdf-st-inner\">\n        \t\t\t\t\t\t\t<p class=\"mkdf-st-text\" style=\"margin-top: 21px\">\n\t\t\t\tIm Laufe der Jahre wurde das Gesch\u00e4ft mehrfach umgestaltet, die urspr\u00fcngliche Struktur blieb jedoch dieselbe.<br \/>\nDie letzte Neugestaltung erfolgte im November 2023, wo ein Hauch von Modernit\u00e4t hinzugef\u00fcgt wurde, ohne unsere Wurzeln zu vergessen.<br \/>\nSeit 2012 pflege ich diese Leidenschaft gemeinsam mit meiner Frau Cristina und versuche, mich immer weiter zu verbessern, um unsere Kunden bestm\u00f6glich zufrieden zu stellen.<br \/>\nSeit \u00fcber 30 Jahren besch\u00e4ftigen wir uns mit Dekorationen aller Art und f\u00fcr jede Veranstaltung und k\u00fcmmern uns um diese bis ins kleinste Detail.\t\t\t<\/p>\n\t\t\t<\/div>\n<\/div>[vc_empty_space height=&#8220;31px&#8220;][vc_single_image image=&#8220;43&#8243; img_size=&#8220;full&#8220; alignment=&#8220;right&#8220; css=&#8220;.vc_custom_1519398578468{margin-top: -360px !important;}&#8220;]\t\t<\/div>\n\t<\/div>\n<\/div><\/div>[\/vc_column_inner][\/vc_row_inner][vc_row_inner css=&#8220;.vc_custom_1709073658237{margin-top: 80px !important;}&#8220;][vc_column_inner width=&#8220;1\/2&#8243;]<div class=\"mkdf-elements-holder   mkdf-one-column  mkdf-responsive-mode-768 \" ><div class=\"mkdf-eh-item    \"  data-item-class=\"mkdf-eh-custom-8987\" data-1280-1600=\"23px 6% 0 0\" data-1024-1280=\"23px 6% 0 0\" data-768-1024=\"0 22% 91px 0\" data-680-768=\"0 1% 91px 0\" data-680=\"0 0 91px 2%\">\n\t<div class=\"mkdf-eh-item-inner\">\n\t\t<div class=\"mkdf-eh-item-content mkdf-eh-custom-8987\" style=\"padding: 28px 10% 0 0\">\n\t\t\t<div class=\"mkdf-section-title-holder  \" >\n\t<div class=\"mkdf-st-inner\">\n        \t\t\t\t\t\t\t<p class=\"mkdf-st-text\" style=\"margin-top: 21px\">\n\t\t\t\tWir spezialisieren uns vor allem auf den Hochzeitsbereich, erf\u00fcllen alle W\u00fcnsche unserer Ehepartner und sind stets auf der Suche nach neuen Vorschl\u00e4gen. In unserem Shop finden Sie:<br \/>\n- In unserem Gebiet gibt es auch Pflanzen f\u00fcr den Innen- und Au\u00dfenbereich sowie mediterrane Pflanzen<br \/>\n- Schnittblumen<br \/>\n- K\u00fcnstliche Blumen<br \/>\n- Geschenkartikel<br \/>\n- Vasen oder Beh\u00e4lter aus Glas, Keramik, Kunststoff und anderen Materialien<br \/>\n- Pflanzenpflegeprodukte<br \/>\n- Erde und Grassamen<br \/>\n- Dekorationen f\u00fcr Zeremonien aller Art.\t\t\t<\/p>\n\t\t\t<\/div>\n<\/div>[vc_empty_space height=&#8220;31px&#8220;][vc_single_image image=&#8220;43&#8243; img_size=&#8220;full&#8220; alignment=&#8220;right&#8220; css=&#8220;.vc_custom_1519398578468{margin-top: -360px !important;}&#8220;]\t\t<\/div>\n\t<\/div>\n<\/div><\/div>[\/vc_column_inner][vc_column_inner width=&#8220;1\/2&#8243;][vc_single_image image=&#8220;2488&#8243; img_size=&#8220;635&#215;390&#8243;][\/vc_column_inner][\/vc_row_inner][\/vc_column][\/vc_row][vc_row css=&#8220;.vc_custom_1708455207403{margin-top: -50px !important;background-color: #fff0e9 !important;}&#8220; simple_background_color=&#8220;#fff0e9&#8243;][vc_column]<div class=\"mkdf-section-title-holder  \" style=\"text-align: center\">\n\t<div class=\"mkdf-st-inner\">\n                <span class=\"mkdf-st-tagline-text\" >\n            Vertrauen        <\/span>\n    \t\t\t\t\t<h2 class=\"mkdf-st-title\" >\n\t\t\t\tzu unserem Team\t\t\t<\/h2>\n\t\t\t\t\t<\/div>\n<\/div>[vc_empty_space][\/vc_column][\/vc_row][vc_row simple_background_color=&#8220;#fff0e9&#8243;][vc_column width=&#8220;1\/4&#8243; css=&#8220;.vc_custom_1708455066758{background-color: #fff0e9 !important;}&#8220;][vc_row_inner][vc_column_inner][\/vc_column_inner][\/vc_row_inner][\/vc_column][vc_column width=&#8220;1\/4&#8243; css=&#8220;.vc_custom_1708455214917{background-color: #fff0e9 !important;}&#8220;]<div class=\"mkdf-team-holder mkdf-team-info-below-image\">\n\t<div class=\"mkdf-team-inner\">\n\t\t\t\t\t<div class=\"mkdf-team-image\">\n                <img loading=\"lazy\" decoding=\"async\" width=\"1257\" height=\"1828\" src=\"https:\/\/www.fioreriaconsolininicola.it\/wp-content\/uploads\/2024\/04\/IMG_0619-1-e1713140327454.jpg\" class=\"attachment-full size-full\" alt=\"\" srcset=\"https:\/\/www.fioreriaconsolininicola.it\/wp-content\/uploads\/2024\/04\/IMG_0619-1-e1713140327454.jpg 1257w, https:\/\/www.fioreriaconsolininicola.it\/wp-content\/uploads\/2024\/04\/IMG_0619-1-e1713140327454-206x300.jpg 206w, https:\/\/www.fioreriaconsolininicola.it\/wp-content\/uploads\/2024\/04\/IMG_0619-1-e1713140327454-704x1024.jpg 704w, https:\/\/www.fioreriaconsolininicola.it\/wp-content\/uploads\/2024\/04\/IMG_0619-1-e1713140327454-768x1117.jpg 768w, https:\/\/www.fioreriaconsolininicola.it\/wp-content\/uploads\/2024\/04\/IMG_0619-1-e1713140327454-1056x1536.jpg 1056w\" sizes=\"(max-width: 1257px) 100vw, 1257px\" \/>\t\t\t<\/div>\n\t\t\t\t<div class=\"mkdf-team-info\">\n\t\t\t\t\t\t\t<h5 class=\"mkdf-team-name\" >Nicola<\/h5>\n\t\t\t\t\t\t\t\t\t\t<span class=\"mkdf-team-position\" >Floral Designer<\/span>\n\t\t\t\t\t\t\t\t\t\t\t<\/div>\n\t<\/div>\n<\/div>[\/vc_column][vc_column width=&#8220;1\/4&#8243; css=&#8220;.vc_custom_1708455222410{background-color: #fff0e9 !important;}&#8220;]<div class=\"mkdf-team-holder mkdf-team-info-below-image\">\n\t<div class=\"mkdf-team-inner\">\n\t\t\t\t\t<div class=\"mkdf-team-image\">\n                <img loading=\"lazy\" decoding=\"async\" width=\"1317\" height=\"1916\" src=\"https:\/\/www.fioreriaconsolininicola.it\/wp-content\/uploads\/2024\/04\/IMG_0618-e1713140687442.jpg\" class=\"attachment-full size-full\" alt=\"\" srcset=\"https:\/\/www.fioreriaconsolininicola.it\/wp-content\/uploads\/2024\/04\/IMG_0618-e1713140687442.jpg 1317w, https:\/\/www.fioreriaconsolininicola.it\/wp-content\/uploads\/2024\/04\/IMG_0618-e1713140687442-206x300.jpg 206w, https:\/\/www.fioreriaconsolininicola.it\/wp-content\/uploads\/2024\/04\/IMG_0618-e1713140687442-704x1024.jpg 704w, https:\/\/www.fioreriaconsolininicola.it\/wp-content\/uploads\/2024\/04\/IMG_0618-e1713140687442-768x1117.jpg 768w, https:\/\/www.fioreriaconsolininicola.it\/wp-content\/uploads\/2024\/04\/IMG_0618-e1713140687442-1056x1536.jpg 1056w\" sizes=\"(max-width: 1317px) 100vw, 1317px\" \/>\t\t\t<\/div>\n\t\t\t\t<div class=\"mkdf-team-info\">\n\t\t\t\t\t\t\t<h5 class=\"mkdf-team-name\" >Cristina<\/h5>\n\t\t\t\t\t\t\t\t\t\t<span class=\"mkdf-team-position\" >Floral designer<\/span>\n\t\t\t\t\t\t\t\t\t\t\t<\/div>\n\t<\/div>\n<\/div>[\/vc_column][vc_column width=&#8220;1\/4&#8243; css=&#8220;.vc_custom_1708455232368{background-color: #fff0e9 !important;}&#8220;][vc_row_inner][vc_column_inner][\/vc_column_inner][\/vc_row_inner][\/vc_column][\/vc_row][vc_row][vc_column css=&#8220;.vc_custom_1708455242147{background-color: #fff0e9 !important;}&#8220;][vc_empty_space][\/vc_column][\/vc_row][vc_row][vc_column width=&#8220;1\/4&#8243;][\/vc_column][vc_column width=&#8220;1\/4&#8243;][\/vc_column][vc_column width=&#8220;1\/4&#8243;][\/vc_column][vc_column width=&#8220;1\/4&#8243;][\/vc_column][\/vc_row]<\/p>\n<\/section>","protected":false},"excerpt":{"rendered":"<p>[vc_row row_content_width=&#8220;grid&#8220; css=&#8220;.vc_custom_1709073514854{margin-top: 80px !important;margin-bottom: 160px !important;}&#8220;][vc_column][vc_row_inner][vc_column_inner width=&#8220;1\/2&#8243;][\/vc_column_inner][vc_column_inner width=&#8220;1\/2&#8243;][vc_single_image image=&#8220;2617&#8243; img_size=&#8220;635&#215;390&#8243;][\/vc_column_inner][\/vc_row_inner][vc_row_inner css=&#8220;.vc_custom_1709073664913{margin-top: 80px !important;margin-bottom: 80px !important;}&#8220; el_id=&#8220;chi-siamo-2&#8243;][vc_column_inner width=&#8220;1\/2&#8243;][vc_single_image image=&#8220;2619&#8243; img_size=&#8220;635&#215;390&#8243;][\/vc_column_inner][vc_column_inner width=&#8220;1\/2&#8243;][\/vc_column_inner][\/vc_row_inner][vc_row_inner css=&#8220;.vc_custom_1709073658237{margin-top: 80px !important;}&#8220;][vc_column_inner width=&#8220;1\/2&#8243;][\/vc_column_inner][vc_column_inner width=&#8220;1\/2&#8243;][vc_single_image image=&#8220;2488&#8243; img_size=&#8220;635&#215;390&#8243;][\/vc_column_inner][\/vc_row_inner][\/vc_column][\/vc_row][vc_row css=&#8220;.vc_custom_1708455207403{margin-top: -50px !important;background-color: #fff0e9 !important;}&#8220; simple_background_color=&#8220;#fff0e9&#8243;][vc_column][vc_empty_space][\/vc_column][\/vc_row][vc_row simple_background_color=&#8220;#fff0e9&#8243;][vc_column width=&#8220;1\/4&#8243; css=&#8220;.vc_custom_1708455066758{background-color: #fff0e9 !important;}&#8220;][vc_row_inner][vc_column_inner][\/vc_column_inner][\/vc_row_inner][\/vc_column][vc_column width=&#8220;1\/4&#8243; css=&#8220;.vc_custom_1708455214917{background-color: #fff0e9 !important;}&#8220;][\/vc_column][vc_column width=&#8220;1\/4&#8243; css=&#8220;.vc_custom_1708455222410{background-color: #fff0e9 !important;}&#8220;][\/vc_column][vc_column width=&#8220;1\/4&#8243; css=&#8220;.vc_custom_1708455232368{background-color: #fff0e9 !important;}&#8220;][vc_row_inner][vc_column_inner][\/vc_column_inner][\/vc_row_inner][\/vc_column][\/vc_row][vc_row][vc_column css=&#8220;.vc_custom_1708455242147{background-color: #fff0e9 [&hellip;]<\/p>\n","protected":false},"author":1,"featured_media":0,"parent":0,"menu_order":0,"comment_status":"closed","ping_status":"closed","template":"full-width.php","meta":{"inline_featured_image":false,"footnotes":""},"_links":{"self":[{"href":"https:\/\/www.fioreriaconsolininicola.it\/de\/wp-json\/wp\/v2\/pages\/5494"}],"collection":[{"href":"https:\/\/www.fioreriaconsolininicola.it\/de\/wp-json\/wp\/v2\/pages"}],"about":[{"href":"https:\/\/www.fioreriaconsolininicola.it\/de\/wp-json\/wp\/v2\/types\/page"}],"author":[{"embeddable":true,"href":"https:\/\/www.fioreriaconsolininicola.it\/de\/wp-json\/wp\/v2\/users\/1"}],"replies":[{"embeddable":true,"href":"https:\/\/www.fioreriaconsolininicola.it\/de\/wp-json\/wp\/v2\/comments?post=5494"}],"version-history":[{"count":19,"href":"https:\/\/www.fioreriaconsolininicola.it\/de\/wp-json\/wp\/v2\/pages\/5494\/revisions"}],"predecessor-version":[{"id":6199,"href":"https:\/\/www.fioreriaconsolininicola.it\/de\/wp-json\/wp\/v2\/pages\/5494\/revisions\/6199"}],"wp:attachment":[{"href":"https:\/\/www.fioreriaconsolininicola.it\/de\/wp-json\/wp\/v2\/media?parent=5494"}],"curies":[{"name":"wp","href":"https:\/\/api.w.org\/{rel}","templated":true}]}}