{"id":5508,"date":"2018-02-08T15:35:30","date_gmt":"2018-02-08T14:35:30","guid":{"rendered":"https:\/\/www.fioreriaconsolininicola.it\/startseite\/"},"modified":"2025-04-23T17:34:27","modified_gmt":"2025-04-23T15:34:27","slug":"startseite","status":"publish","type":"page","link":"https:\/\/www.fioreriaconsolininicola.it\/de\/","title":{"rendered":"Startseite"},"content":{"rendered":"<section class=\"wpb-content-wrapper\"><p>[vc_row row_content_width=&#8220;grid&#8220; css=&#8220;.vc_custom_1519126185782{padding-top: 140px !important;padding-bottom: 140px !important;}&#8220; simple_background_color=&#8220;#fff0e9&#8243;][vc_column offset=&#8220;vc_col-lg-6&#8243;]<div class=\"mkdf-elements-holder   mkdf-one-column  mkdf-responsive-mode-768 \" ><div class=\"mkdf-eh-item    \"  data-item-class=\"mkdf-eh-custom-4151\" data-1280-1600=\"23px 6% 0 0\" data-1024-1280=\"23px 6% 0 0\" data-768-1024=\"0 22% 91px 0\" data-680-768=\"0 1% 91px 0\" data-680=\"0 0 91px 2%\">\n\t<div class=\"mkdf-eh-item-inner\">\n\t\t<div class=\"mkdf-eh-item-content mkdf-eh-custom-4151\" style=\"padding: 28px 10% 0 0\">\n\t\t\t<div class=\"mkdf-section-title-holder  \" >\n\t<div class=\"mkdf-st-inner\">\n                <span class=\"mkdf-st-tagline-text\" >\n            Dove i sogni trovano casa        <\/span>\n    \t\t\t\t\t<h2 class=\"mkdf-st-title\" >\n\t\t\t\tUn posto perfetto\t\t\t<\/h2>\n\t\t\t\t\t\t\t<p class=\"mkdf-st-text\" style=\"margin-top: 21px\">\n\t\t\t\tNel cuore di Torri del Benaco, la Fioreria Consolini Nicola \u00e8 la destinazione floreale che trasforma l'ordinario in straordinario. Con composizioni floreali uniche e allestimenti per matrimoni da sogno, creiamo esperienze floreali indimenticabili. Scopri la magia dei fiori da vicino.\t\t\t<\/p>\n\t\t\t<\/div>\n<\/div>[vc_empty_space height=&#8220;31px&#8220;]<a itemprop=\"url\" href=\"https:\/\/www.fioreriaconsolininicola.it\/index.php\/chi-siamo\/\" target=\"_self\" style=\"text-transform: uppercase\" class=\"mkdf-btn mkdf-btn-medium mkdf-btn-outline\"  >\n    <span class=\"mkdf-btn-text\">Il nostro negozio<\/span>\n\t<\/a>[vc_single_image image=&#8220;1609&#8243; img_size=&#8220;full&#8220; alignment=&#8220;right&#8220; css=&#8220;.vc_custom_1519401064325{margin-top: -370px !important;margin-right: -2% !important;}&#8220;]\t\t<\/div>\n\t<\/div>\n<\/div><\/div>[\/vc_column][vc_column offset=&#8220;vc_col-lg-6&#8243;]<div class=\"mkdf-single-image-holder   \">\n    <div class=\"mkdf-si-inner\" >\n                                    <img loading=\"lazy\" decoding=\"async\" width=\"2560\" height=\"1440\" src=\"https:\/\/www.fioreriaconsolininicola.it\/wp-content\/uploads\/2024\/01\/20231218_182322-scaled.jpg\" class=\"attachment-full size-full\" alt=\"\" srcset=\"https:\/\/www.fioreriaconsolininicola.it\/wp-content\/uploads\/2024\/01\/20231218_182322-scaled.jpg 2560w, https:\/\/www.fioreriaconsolininicola.it\/wp-content\/uploads\/2024\/01\/20231218_182322-300x169.jpg 300w, https:\/\/www.fioreriaconsolininicola.it\/wp-content\/uploads\/2024\/01\/20231218_182322-1024x576.jpg 1024w, https:\/\/www.fioreriaconsolininicola.it\/wp-content\/uploads\/2024\/01\/20231218_182322-768x432.jpg 768w, https:\/\/www.fioreriaconsolininicola.it\/wp-content\/uploads\/2024\/01\/20231218_182322-1536x864.jpg 1536w\" sizes=\"(max-width: 2560px) 100vw, 2560px\" \/>                        <\/div>\n<\/div>[\/vc_column][\/vc_row][vc_row row_content_width=&#8220;grid&#8220; content_text_aligment=&#8220;center&#8220; css=&#8220;.vc_custom_1705595572717{padding-top: 113px !important;padding-bottom: 0px !important;}&#8220;][vc_column]<div class=\"mkdf-section-title-holder  \" >\n\t<div class=\"mkdf-st-inner\">\n                <span class=\"mkdf-st-tagline-text\" >\n            La soluzione perfetta        <\/span>\n    \t\t\t\t\t<h2 class=\"mkdf-st-title\" >\n\t\t\t\tI NOSTRI SERVIZI\t\t\t<\/h2>\n\t\t\t\t\t<\/div>\n<\/div>[vc_empty_space height=&#8220;59px&#8220;][vc_row_inner content_placement=&#8220;middle&#8220; gap=&#8220;10&#8243;][vc_column_inner width=&#8220;1\/2&#8243;][vc_single_image image=&#8220;6607&#8243; img_size=&#8220;full&#8220; css_animation=&#8220;fadeInLeft&#8220;][vc_empty_space height=&#8220;59px&#8220;][\/vc_column_inner][vc_column_inner width=&#8220;1\/2&#8243;][vc_column_text css_animation=&#8220;fadeInRight&#8220;]<\/p>\n<h3 style=\"text-align: left;\">BLUMENKOMPOSITIONEN<\/h3>\n<p style=\"text-align: left;\">Entdecken Sie unsere Welt der floralen Kreativit\u00e4t, in der jedes Arrangement ein einzigartiges Kunstwerk ist. Unsere Arrangements sind eine Ode an die Frische und Sch\u00f6nheit der Blumen &#8211; von eleganten Dekorationen f\u00fcr Ihr Zuhause bis hin zu durchdachten Blumengeschenken. Entdecken Sie, wie wir Bl\u00fctenbl\u00e4tter und Bl\u00e4tter in Emotionen verwandeln.  <\/p>\n<p>[\/vc_column_text][vc_empty_space height=&#8220;59px&#8220;][\/vc_column_inner][\/vc_row_inner][\/vc_column][vc_column css=&#8220;.vc_custom_1705599961732{padding-top: 100px !important;}&#8220;]<div class=\"mkdf-elements-holder   mkdf-one-column  mkdf-responsive-mode-768 \" ><\/div>[vc_row_inner content_placement=&#8220;middle&#8220; gap=&#8220;10&#8243; el_id=&#8220;servizi-2&#8243;][vc_column_inner width=&#8220;1\/2&#8243;][vc_column_text css_animation=&#8220;fadeInLeft&#8220;]<\/p>\n<h3 style=\"text-align: left;\">ORGANISATION VON HOCHZEITEN UND ZEREMONIEN<\/h3>\n<p style=\"text-align: left;\">Wir realisieren florale Tr\u00e4ume f\u00fcr den wichtigsten Tag in Ihrem Leben. Verleihen Sie Ihrer Hochzeit oder einem anderen besonderen Ereignis einen Hauch von Magie mit unseren individuell gestalteten Blumenarrangements. Von der floralen Architektur bis hin zu romantischen Akzenten arbeiten wir leidenschaftlich daran, einen unvergesslichen Rahmen zu schaffen, der Ihren Stil und Ihre Freude widerspiegelt.  <\/p>\n<p>[\/vc_column_text][vc_empty_space height=&#8220;59px&#8220;][\/vc_column_inner][vc_column_inner width=&#8220;1\/2&#8243;][vc_single_image image=&#8220;6615&#8243; img_size=&#8220;630&#215;420&#8243; css_animation=&#8220;fadeInRight&#8220;][vc_empty_space height=&#8220;59px&#8220;][\/vc_column_inner][\/vc_row_inner][\/vc_column][vc_column css=&#8220;.vc_custom_1705600221968{padding-top: 100px !important;}&#8220;]<div class=\"mkdf-elements-holder   mkdf-one-column  mkdf-responsive-mode-768 \" ><\/div>[vc_row_inner content_placement=&#8220;middle&#8220; gap=&#8220;10&#8243;][vc_column_inner width=&#8220;1\/2&#8243;][vc_single_image image=&#8220;6623&#8243; img_size=&#8220;630&#215;420&#8243; css_animation=&#8220;fadeInLeft&#8220;][vc_empty_space height=&#8220;59px&#8220;][\/vc_column_inner][vc_column_inner width=&#8220;1\/2&#8243;][vc_column_text css_animation=&#8220;fadeInRight&#8220;]<\/p>\n<h3 style=\"text-align: left;\">Verkauf von Gr\u00fcn-, Bl\u00fch- und Obstpflanzen (Innen- und Au\u00dfenbereich)<\/h3>\n<p style=\"text-align: left;\">Holen Sie sich mit unserer exklusiven Pflanzenkollektion die Sch\u00f6nheit der Natur direkt in Ihr Zuhause. Von Gr\u00fcnpflanzen, die den Innenr\u00e4umen einen Hauch von Frische verleihen, \u00fcber lebhafte Bl\u00fctenpflanzen, die f\u00fcr Farbe und Vitalit\u00e4t sorgen, bis hin zu Obstpflanzen, die k\u00f6stliche Fr\u00fcchte versprechen. Egal, ob Sie Ihr Wohnzimmer versch\u00f6nern oder ein gr\u00fcnes Paradies in Ihrem Garten schaffen wollen, Sie werden die perfekte Pflanze f\u00fcr jede Gelegenheit finden.  <\/p>\n<p>[\/vc_column_text][vc_empty_space height=&#8220;59px&#8220;][\/vc_column_inner][\/vc_row_inner][\/vc_column][vc_column css=&#8220;.vc_custom_1705600232082{padding-top: 100px !important;}&#8220;]<div class=\"mkdf-elements-holder   mkdf-one-column  mkdf-responsive-mode-768 \" ><\/div>[vc_row_inner content_placement=&#8220;middle&#8220; gap=&#8220;10&#8243;][vc_column_inner width=&#8220;1\/2&#8243;][vc_column_text css_animation=&#8220;fadeInLeft&#8220;]<\/p>\n<h3 style=\"text-align: left;\">SCHNITT-, TROCKEN- UND KUNSTBLUMEN ZU VERKAUFEN<\/h3>\n<p style=\"text-align: left;\">Verschenken Sie Emotionen und Farben mit unserer Auswahl an Blumen, die f\u00fcr jeden Raum und jede Jahreszeit geeignet sind. Von Schnittblumen, die sich ideal f\u00fcr elegante Arrangements und duftende Str\u00e4u\u00dfe eignen, bis hin zu k\u00fcnstlichen oder getrockneten Blumen, die perfekt f\u00fcr die Dekoration Ihres Hauses oder B\u00fcros sind. Lassen Sie sich von der Sch\u00f6nheit und Vielfalt der Natur inspirieren: Jede Blume hat ihre eigene Geschichte, und hier finden Sie die richtige f\u00fcr jeden besonderen Moment.  <\/p>\n<p>[\/vc_column_text][vc_empty_space height=&#8220;59px&#8220;][\/vc_column_inner][vc_column_inner width=&#8220;1\/2&#8243;][vc_single_image image=&#8220;3509&#8243; img_size=&#8220;630&#215;420&#8243; css_animation=&#8220;fadeInRight&#8220;][vc_empty_space height=&#8220;59px&#8220;][\/vc_column_inner][\/vc_row_inner]<div class=\"mkdf-elements-holder   mkdf-one-column  mkdf-responsive-mode-768 \" ><\/div>[\/vc_column][\/vc_row][vc_row row_content_width=&#8220;grid&#8220; content_text_aligment=&#8220;center&#8220; css=&#8220;.vc_custom_1706188689450{padding-top: 113px !important;padding-bottom: 0px !important;}&#8220; simple_background_color=&#8220;#fff0e9&#8243;][vc_column]<div class=\"mkdf-section-title-holder  \" >\n\t<div class=\"mkdf-st-inner\">\n                <span class=\"mkdf-st-tagline-text\" >\n            Pianifica il tuo        <\/span>\n    \t\t\t\t\t<h3 class=\"mkdf-st-title\" >\n\t\t\t\tMATRIMONIO A TORRI DEL BENACO\t\t\t<\/h3>\n\t\t\t\t\t<\/div>\n<\/div>[vc_empty_space height=&#8220;59px&#8220;][vc_row_inner row_content_width=&#8220;grid&#8220; content_text_aligment=&#8220;center&#8220; el_id=&#8220;matrimoni-home&#8220;][vc_column_inner offset=&#8220;vc_col-lg-12&#8243;]<div class=\"mkdf-section-title-holder  \" >\n\t<div class=\"mkdf-st-inner\">\n        \t\t\t\t\t<h3 class=\"mkdf-st-title\" >\n\t\t\t\tToras e Molo ``De Paoli``\t\t\t<\/h3>\n\t\t\t\t\t<\/div>\n<\/div>[vc_empty_space height=&#8220;31px&#8220;][vc_images_carousel images=&#8220;6626,6629,6635,6638,6228&#8243; img_size=&#8220;full&#8220; onclick=&#8220;link_no&#8220; wrap=&#8220;yes&#8220;][vc_empty_space height=&#8220;31px&#8220;][\/vc_column_inner][vc_column_inner offset=&#8220;vc_col-lg-12&#8243;]<div class=\"mkdf-section-title-holder  \" >\n\t<div class=\"mkdf-st-inner\">\n        \t\t\t\t\t<h3 class=\"mkdf-st-title\" >\n\t\t\t\tLimonaia del Castello Scaligero\t\t\t<\/h3>\n\t\t\t\t\t<\/div>\n<\/div>[vc_empty_space height=&#8220;31px&#8220;][vc_images_carousel images=&#8220;2585,6447,2769,2747,2749,2751&#8243; img_size=&#8220;full&#8220; onclick=&#8220;link_no&#8220; wrap=&#8220;yes&#8220;][vc_empty_space height=&#8220;31px&#8220;][\/vc_column_inner][vc_column_inner offset=&#8220;vc_col-lg-12&#8243;]<div class=\"mkdf-section-title-holder  \" >\n\t<div class=\"mkdf-st-inner\">\n        \t\t\t\t\t<h3 class=\"mkdf-st-title\" >\n\t\t\t\tTorre del Castello Scaligero\t\t\t<\/h3>\n\t\t\t\t\t<\/div>\n<\/div>[vc_empty_space height=&#8220;31px&#8220;][vc_images_carousel images=&#8220;6647,6644,2605,2606&#8243; img_size=&#8220;full&#8220; onclick=&#8220;link_no&#8220; wrap=&#8220;yes&#8220;][vc_empty_space height=&#8220;31px&#8220;][\/vc_column_inner][vc_column_inner offset=&#8220;vc_col-lg-12&#8243;]<div class=\"mkdf-section-title-holder  \" >\n\t<div class=\"mkdf-st-inner\">\n        \t\t\t\t\t<h3 class=\"mkdf-st-title\" >\n\t\t\t\tBarchessa del Castello Scaligero\t\t\t<\/h3>\n\t\t\t\t\t<\/div>\n<\/div>[vc_empty_space height=&#8220;31px&#8220;][vc_images_carousel images=&#8220;2612,2611,2613&#8243; img_size=&#8220;full&#8220; onclick=&#8220;link_no&#8220; wrap=&#8220;yes&#8220;][vc_empty_space height=&#8220;31px&#8220;][\/vc_column_inner][vc_column_inner offset=&#8220;vc_col-lg-12&#8243;]<div class=\"mkdf-section-title-holder  \" >\n\t<div class=\"mkdf-st-inner\">\n        \t\t\t\t\t<h3 class=\"mkdf-st-title\" >\n\t\t\t\tAuditorium San Giovanni\t\t\t<\/h3>\n\t\t\t\t\t<\/div>\n<\/div>[vc_empty_space height=&#8220;31px&#8220;][vc_images_carousel images=&#8220;2591,2593,2592,2595,6650,6653&#8243; img_size=&#8220;full&#8220; onclick=&#8220;link_no&#8220; wrap=&#8220;yes&#8220;][vc_empty_space height=&#8220;31px&#8220;][\/vc_column_inner][vc_column_inner offset=&#8220;vc_col-lg-12&#8243;]<div class=\"mkdf-section-title-holder  \" >\n\t<div class=\"mkdf-st-inner\">\n        \t\t\t\t\t<h3 class=\"mkdf-st-title\" >\n\t\t\t\tChiesa dei Santi Pietro e Paolo\t\t\t<\/h3>\n\t\t\t\t\t<\/div>\n<\/div>[vc_empty_space height=&#8220;31px&#8220;][vc_images_carousel images=&#8220;6689,6692,6671,6656,6659,6668,6677,6680,6683&#8243; img_size=&#8220;full&#8220; onclick=&#8220;link_no&#8220; wrap=&#8220;yes&#8220;][vc_empty_space height=&#8220;31px&#8220;][\/vc_column_inner][vc_column_inner][\/vc_column_inner][\/vc_row_inner][vc_empty_space height=&#8220;59px&#8220;][\/vc_column][\/vc_row][vc_row row_content_width=&#8220;grid&#8220; content_text_aligment=&#8220;center&#8220; css=&#8220;.vc_custom_1519394136157{padding-top: 113px !important;padding-bottom: 120px !important;}&#8220;][vc_column]<div class=\"mkdf-section-title-holder  \" >\n\t<div class=\"mkdf-st-inner\">\n                <span class=\"mkdf-st-tagline-text\" >\n            Arte ed Esperienza        <\/span>\n    \t\t\t\t\t<h2 class=\"mkdf-st-title\" >\n\t\t\t\tSaisonale Kompositionen\t\t\t<\/h2>\n\t\t\t\t\t<\/div>\n<\/div>[vc_empty_space height=&#8220;59px&#8220;]<div class=\"mkdf-image-gallery  mkdf-ig-grid-type mkdf-small-space  mkdf-image-behavior-lightbox mkdf-image-hover-zoom\">\n\t<div class=\"mkdf-ig-inner mkdf-outer-space mkdf-ig-grid mkdf-ig-three-columns\">\n\t\t\t\t\t<div class=\"mkdf-ig-image mkdf-item-space\">\n\t\t\t\t<div class=\"mkdf-ig-image-inner\">\n\t\t\t\t\t\t\t\t\t\t\t<a itemprop=\"image\" class=\"mkdf-ig-lightbox\" href=\"https:\/\/www.fioreriaconsolininicola.it\/wp-content\/uploads\/2025\/04\/20240330_103535BIS.jpeg\" data-rel=\"prettyPhoto[image_gallery_pretty_photo-398]\" title=\"20240330_103535BIS\">\n\t\t\t\t\t\t\t\t\t\t\t<img loading=\"lazy\" decoding=\"async\" width=\"1701\" height=\"2394\" src=\"https:\/\/www.fioreriaconsolininicola.it\/wp-content\/uploads\/2025\/04\/20240330_103535BIS.jpeg\" class=\"attachment-full size-full\" alt=\"\" srcset=\"https:\/\/www.fioreriaconsolininicola.it\/wp-content\/uploads\/2025\/04\/20240330_103535BIS.jpeg 1701w, https:\/\/www.fioreriaconsolininicola.it\/wp-content\/uploads\/2025\/04\/20240330_103535BIS-213x300.jpeg 213w, https:\/\/www.fioreriaconsolininicola.it\/wp-content\/uploads\/2025\/04\/20240330_103535BIS-728x1024.jpeg 728w, https:\/\/www.fioreriaconsolininicola.it\/wp-content\/uploads\/2025\/04\/20240330_103535BIS-768x1081.jpeg 768w, https:\/\/www.fioreriaconsolininicola.it\/wp-content\/uploads\/2025\/04\/20240330_103535BIS-1091x1536.jpeg 1091w, https:\/\/www.fioreriaconsolininicola.it\/wp-content\/uploads\/2025\/04\/20240330_103535BIS-1455x2048.jpeg 1455w\" sizes=\"(max-width: 1701px) 100vw, 1701px\" \/>\t\t\t\t\t\t\t\t\t\t\t<\/a>\n\t\t\t\t\t\t\t\t\t<\/div>\n\t\t\t<\/div>\n\t\t\t\t\t<div class=\"mkdf-ig-image mkdf-item-space\">\n\t\t\t\t<div class=\"mkdf-ig-image-inner\">\n\t\t\t\t\t\t\t\t\t\t\t<a itemprop=\"image\" class=\"mkdf-ig-lightbox\" href=\"https:\/\/www.fioreriaconsolininicola.it\/wp-content\/uploads\/2025\/04\/IMG_20240510_102349-scaled.jpg\" data-rel=\"prettyPhoto[image_gallery_pretty_photo-398]\" title=\"IMG_20240510_102349\">\n\t\t\t\t\t\t\t\t\t\t\t<img loading=\"lazy\" decoding=\"async\" width=\"1920\" height=\"2560\" src=\"https:\/\/www.fioreriaconsolininicola.it\/wp-content\/uploads\/2025\/04\/IMG_20240510_102349-scaled.jpg\" class=\"attachment-full size-full\" alt=\"\" srcset=\"https:\/\/www.fioreriaconsolininicola.it\/wp-content\/uploads\/2025\/04\/IMG_20240510_102349-scaled.jpg 1920w, https:\/\/www.fioreriaconsolininicola.it\/wp-content\/uploads\/2025\/04\/IMG_20240510_102349-225x300.jpg 225w, https:\/\/www.fioreriaconsolininicola.it\/wp-content\/uploads\/2025\/04\/IMG_20240510_102349-768x1024.jpg 768w, https:\/\/www.fioreriaconsolininicola.it\/wp-content\/uploads\/2025\/04\/IMG_20240510_102349-1152x1536.jpg 1152w, https:\/\/www.fioreriaconsolininicola.it\/wp-content\/uploads\/2025\/04\/IMG_20240510_102349-1536x2048.jpg 1536w\" sizes=\"(max-width: 1920px) 100vw, 1920px\" \/>\t\t\t\t\t\t\t\t\t\t\t<\/a>\n\t\t\t\t\t\t\t\t\t<\/div>\n\t\t\t<\/div>\n\t\t\t\t\t<div class=\"mkdf-ig-image mkdf-item-space\">\n\t\t\t\t<div class=\"mkdf-ig-image-inner\">\n\t\t\t\t\t\t\t\t\t\t\t<a itemprop=\"image\" class=\"mkdf-ig-lightbox\" href=\"https:\/\/www.fioreriaconsolininicola.it\/wp-content\/uploads\/2025\/04\/IMG-20240807-WA0013.jpg\" data-rel=\"prettyPhoto[image_gallery_pretty_photo-398]\" title=\"IMG-20240807-WA0013\">\n\t\t\t\t\t\t\t\t\t\t\t<img loading=\"lazy\" decoding=\"async\" width=\"900\" height=\"1600\" src=\"https:\/\/www.fioreriaconsolininicola.it\/wp-content\/uploads\/2025\/04\/IMG-20240807-WA0013.jpg\" class=\"attachment-full size-full\" alt=\"\" srcset=\"https:\/\/www.fioreriaconsolininicola.it\/wp-content\/uploads\/2025\/04\/IMG-20240807-WA0013.jpg 900w, https:\/\/www.fioreriaconsolininicola.it\/wp-content\/uploads\/2025\/04\/IMG-20240807-WA0013-169x300.jpg 169w, https:\/\/www.fioreriaconsolininicola.it\/wp-content\/uploads\/2025\/04\/IMG-20240807-WA0013-576x1024.jpg 576w, https:\/\/www.fioreriaconsolininicola.it\/wp-content\/uploads\/2025\/04\/IMG-20240807-WA0013-768x1365.jpg 768w, https:\/\/www.fioreriaconsolininicola.it\/wp-content\/uploads\/2025\/04\/IMG-20240807-WA0013-864x1536.jpg 864w\" sizes=\"(max-width: 900px) 100vw, 900px\" \/>\t\t\t\t\t\t\t\t\t\t\t<\/a>\n\t\t\t\t\t\t\t\t\t<\/div>\n\t\t\t<\/div>\n\t\t\t<\/div>\n<\/div>[vc_empty_space height=&#8220;52px&#8220;]<a itemprop=\"url\" href=\"https:\/\/www.fioreriaconsolininicola.it\/gallery\/composizioni\/\" target=\"_self\" style=\"color: #000000;background-color: #fff0e9;border-color: #000000;text-transform: uppercase\" class=\"mkdf-btn mkdf-btn-medium mkdf-btn-solid mkdf-btn-custom-hover-bg\" data-hover-bg-color=\"#000000\" >\n    <span class=\"mkdf-btn-text\">ALLE KOMPOSITIONEN ANSEHEN<\/span>\n\t<\/a>[\/vc_column][\/vc_row][vc_row][vc_column offset=&#8220;vc_hidden-xs&#8220;]<div class=\"mkdf-image-gallery  mkdf-ig-grid-type mkdf-no-space   mkdf-image-hover-shader\">\n\t<div class=\"mkdf-ig-inner mkdf-outer-space mkdf-ig-grid mkdf-ig-four-columns\">\n\t\t\t\t\t<div class=\"mkdf-ig-image mkdf-item-space\">\n\t\t\t\t<div class=\"mkdf-ig-image-inner\">\n\t\t\t\t\t\t\t\t\t\t\t<img loading=\"lazy\" decoding=\"async\" src=\"https:\/\/www.fioreriaconsolininicola.it\/wp-content\/uploads\/2024\/01\/20240626_093426-433x288.jpg\" alt=\"\" width=\"433\" height=\"288\" \/>\t\t\t\t\t\t\t\t\t<\/div>\n\t\t\t<\/div>\n\t\t\t\t\t<div class=\"mkdf-ig-image mkdf-item-space\">\n\t\t\t\t<div class=\"mkdf-ig-image-inner\">\n\t\t\t\t\t\t\t\t\t\t\t<img loading=\"lazy\" decoding=\"async\" src=\"https:\/\/www.fioreriaconsolininicola.it\/wp-content\/uploads\/2024\/01\/20240914_141429-433x288.jpg\" alt=\"\" width=\"433\" height=\"288\" \/>\t\t\t\t\t\t\t\t\t<\/div>\n\t\t\t<\/div>\n\t\t\t\t\t<div class=\"mkdf-ig-image mkdf-item-space\">\n\t\t\t\t<div class=\"mkdf-ig-image-inner\">\n\t\t\t\t\t\t\t\t\t\t\t<img loading=\"lazy\" decoding=\"async\" src=\"https:\/\/www.fioreriaconsolininicola.it\/wp-content\/uploads\/2025\/03\/IMG_20241008_085315-scaled-433x288.jpg\" alt=\"\" width=\"433\" height=\"288\" \/>\t\t\t\t\t\t\t\t\t<\/div>\n\t\t\t<\/div>\n\t\t\t\t\t<div class=\"mkdf-ig-image mkdf-item-space\">\n\t\t\t\t<div class=\"mkdf-ig-image-inner\">\n\t\t\t\t\t\t\t\t\t\t\t<img loading=\"lazy\" decoding=\"async\" src=\"https:\/\/www.fioreriaconsolininicola.it\/wp-content\/uploads\/2025\/03\/IMG_20240524_144502-scaled-433x288.jpg\" alt=\"\" width=\"433\" height=\"288\" \/>\t\t\t\t\t\t\t\t\t<\/div>\n\t\t\t<\/div>\n\t\t\t<\/div>\n<\/div>[\/vc_column][\/vc_row]<\/p>\n<\/section>","protected":false},"excerpt":{"rendered":"<p>[vc_row row_content_width=&#8220;grid&#8220; css=&#8220;.vc_custom_1519126185782{padding-top: 140px !important;padding-bottom: 140px !important;}&#8220; simple_background_color=&#8220;#fff0e9&#8243;][vc_column offset=&#8220;vc_col-lg-6&#8243;][\/vc_column][vc_column offset=&#8220;vc_col-lg-6&#8243;][\/vc_column][\/vc_row][vc_row row_content_width=&#8220;grid&#8220; content_text_aligment=&#8220;center&#8220; css=&#8220;.vc_custom_1705595572717{padding-top: 113px !important;padding-bottom: 0px !important;}&#8220;][vc_column][vc_empty_space height=&#8220;59px&#8220;][vc_row_inner content_placement=&#8220;middle&#8220; gap=&#8220;10&#8243;][vc_column_inner width=&#8220;1\/2&#8243;][vc_single_image image=&#8220;6607&#8243; img_size=&#8220;full&#8220; css_animation=&#8220;fadeInLeft&#8220;][vc_empty_space height=&#8220;59px&#8220;][\/vc_column_inner][vc_column_inner width=&#8220;1\/2&#8243;][vc_column_text css_animation=&#8220;fadeInRight&#8220;] BLUMENKOMPOSITIONEN Entdecken Sie unsere Welt der floralen Kreativit\u00e4t, in der jedes Arrangement ein einzigartiges Kunstwerk ist. Unsere Arrangements sind eine Ode an die Frische und Sch\u00f6nheit [&hellip;]<\/p>\n","protected":false},"author":1,"featured_media":0,"parent":0,"menu_order":0,"comment_status":"closed","ping_status":"closed","template":"full-width.php","meta":{"inline_featured_image":false,"footnotes":""},"_links":{"self":[{"href":"https:\/\/www.fioreriaconsolininicola.it\/de\/wp-json\/wp\/v2\/pages\/5508"}],"collection":[{"href":"https:\/\/www.fioreriaconsolininicola.it\/de\/wp-json\/wp\/v2\/pages"}],"about":[{"href":"https:\/\/www.fioreriaconsolininicola.it\/de\/wp-json\/wp\/v2\/types\/page"}],"author":[{"embeddable":true,"href":"https:\/\/www.fioreriaconsolininicola.it\/de\/wp-json\/wp\/v2\/users\/1"}],"replies":[{"embeddable":true,"href":"https:\/\/www.fioreriaconsolininicola.it\/de\/wp-json\/wp\/v2\/comments?post=5508"}],"version-history":[{"count":44,"href":"https:\/\/www.fioreriaconsolininicola.it\/de\/wp-json\/wp\/v2\/pages\/5508\/revisions"}],"predecessor-version":[{"id":6736,"href":"https:\/\/www.fioreriaconsolininicola.it\/de\/wp-json\/wp\/v2\/pages\/5508\/revisions\/6736"}],"wp:attachment":[{"href":"https:\/\/www.fioreriaconsolininicola.it\/de\/wp-json\/wp\/v2\/media?parent=5508"}],"curies":[{"name":"wp","href":"https:\/\/api.w.org\/{rel}","templated":true}]}}