{"id":5584,"date":"2018-02-09T15:39:06","date_gmt":"2018-02-09T14:39:06","guid":{"rendered":"https:\/\/www.fioreriaconsolininicola.it\/kontakt\/"},"modified":"2024-10-02T23:14:37","modified_gmt":"2024-10-02T21:14:37","slug":"kontakt","status":"publish","type":"page","link":"https:\/\/www.fioreriaconsolininicola.it\/de\/kontakt\/","title":{"rendered":"Kontakt"},"content":{"rendered":"<section class=\"wpb-content-wrapper\"><p>[vc_row][vc_column css=&#8220;.vc_custom_1708556783689{margin-top: 80px !important;margin-bottom: 80px !important;}&#8220;]<div class=\"mkdf-elements-holder   mkdf-one-column  mkdf-responsive-mode-768 \" ><div class=\"mkdf-eh-item   mkdf-horizontal-alignment-center \"  data-item-class=\"mkdf-eh-custom-6477\">\n\t<div class=\"mkdf-eh-item-inner\">\n\t\t<div class=\"mkdf-eh-item-content mkdf-eh-custom-6477\" >\n\t\t\t<div class=\"mkdf-section-title-holder  \" style=\"text-align: center\">\n\t<div class=\"mkdf-st-inner\">\n                <span class=\"mkdf-st-tagline-text\" >\n            Besuchen Sie uns        <\/span>\n    \t\t\t\t\t<h2 class=\"mkdf-st-title\" >\n\t\t\t\tFioreria Consolini Nicola\t\t\t<\/h2>\n\t\t\t\t\t<\/div>\n<\/div>\t\t<\/div>\n\t<\/div>\n<\/div><\/div>[\/vc_column][\/vc_row][vc_row el_id=&#8220;contatti-icon&#8220; css=&#8220;.vc_custom_1727903653840{margin-bottom: 80px !important;}&#8220;][vc_column width=&#8220;1\/3&#8243;]<div class=\"mkdf-iwt clearfix  mkdf-iwt-icon-top mkdf-iwt-icon-medium \">\n\t<div class=\"mkdf-iwt-icon\">\n\t\t\t\t\t<a itemprop=\"url\" href=\"tel:+393403130317\" target=\"_self\">\n\t\t\t\t\t\t\t\t\t<span class=\"mkdf-iwt-custom-icon\">\n\t\t\t\t\t<img loading=\"lazy\" decoding=\"async\" width=\"1\" height=\"1\" src=\"https:\/\/www.fioreriaconsolininicola.it\/wp-content\/uploads\/2024\/02\/phone-outline.svg\" class=\"attachment-full size-full\" alt=\"\" \/>\t\t\t\t\t\t\t\t\t<\/span>\n\t\t\t\t\t\t\t\t<\/a>\n\t\t\t<\/div>\n\t<div class=\"mkdf-iwt-content\" >\n\t\t\t\t\t<h5 class=\"mkdf-iwt-title\" >\n\t\t\t\t\t\t\t\t\t<a itemprop=\"url\" href=\"tel:+393403130317\" target=\"_self\">\n\t\t\t\t\t\t\t\t<span class=\"mkdf-iwt-title-text\">+393403130317<\/span>\n\t\t\t\t\t\t\t\t\t<\/a>\n\t\t\t\t\t\t\t<\/h5>\n\t\t\t\t\t<\/div>\n<\/div>[\/vc_column][vc_column width=&#8220;1\/3&#8243;]<div class=\"mkdf-iwt clearfix  mkdf-iwt-icon-top mkdf-iwt-icon-medium \">\n\t<div class=\"mkdf-iwt-icon\">\n\t\t\t\t\t<a itemprop=\"url\" href=\"https:\/\/maps.app.goo.gl\/AeMGJPdfVH5HeYPEA\" target=\"_blank\">\n\t\t\t\t\t\t\t\t\t<span class=\"mkdf-iwt-custom-icon\">\n\t\t\t\t\t<img loading=\"lazy\" decoding=\"async\" width=\"1\" height=\"1\" src=\"https:\/\/www.fioreriaconsolininicola.it\/wp-content\/uploads\/2024\/02\/map.svg\" class=\"attachment-full size-full\" alt=\"\" \/>\t\t\t\t\t\t\t\t\t<\/span>\n\t\t\t\t\t\t\t\t<\/a>\n\t\t\t<\/div>\n\t<div class=\"mkdf-iwt-content\" >\n\t\t\t\t\t<h5 class=\"mkdf-iwt-title\" >\n\t\t\t\t\t\t\t\t\t<a itemprop=\"url\" href=\"https:\/\/maps.app.goo.gl\/AeMGJPdfVH5HeYPEA\" target=\"_blank\">\n\t\t\t\t\t\t\t\t<span class=\"mkdf-iwt-title-text\">Via Giovanni Verga, 21, 37010 Torri del Benaco VR<\/span>\n\t\t\t\t\t\t\t\t\t<\/a>\n\t\t\t\t\t\t\t<\/h5>\n\t\t\t\t\t<\/div>\n<\/div>[\/vc_column][vc_column width=&#8220;1\/3&#8243;]<div class=\"mkdf-iwt clearfix  mkdf-iwt-icon-top mkdf-iwt-icon-medium \">\n\t<div class=\"mkdf-iwt-icon\">\n\t\t\t\t\t<a itemprop=\"url\" href=\"mailto:info@fioreriaconsolininicola.it\" target=\"_self\">\n\t\t\t\t\t\t\t\t\t<span class=\"mkdf-iwt-custom-icon\">\n\t\t\t\t\t<img loading=\"lazy\" decoding=\"async\" width=\"1\" height=\"1\" src=\"https:\/\/www.fioreriaconsolininicola.it\/wp-content\/uploads\/2024\/02\/email.svg\" class=\"attachment-full size-full\" alt=\"\" \/>\t\t\t\t\t\t\t\t\t<\/span>\n\t\t\t\t\t\t\t\t<\/a>\n\t\t\t<\/div>\n\t<div class=\"mkdf-iwt-content\" >\n\t\t\t\t\t<h5 class=\"mkdf-iwt-title\" >\n\t\t\t\t\t\t\t\t\t<a itemprop=\"url\" href=\"mailto:info@fioreriaconsolininicola.it\" target=\"_self\">\n\t\t\t\t\t\t\t\t<span class=\"mkdf-iwt-title-text\">info@fioreriaconsolininicola.it<\/span>\n\t\t\t\t\t\t\t\t\t<\/a>\n\t\t\t\t\t\t\t<\/h5>\n\t\t\t\t\t<\/div>\n<\/div>[\/vc_column][\/vc_row][vc_row equal_height=&#8220;yes&#8220; el_id=&#8220;orari&#8220;][vc_column width=&#8220;1\/2&#8243; css=&#8220;.vc_custom_1708552743037{padding-right: 0px !important;padding-left: 0px !important;}&#8220;]<div class=\"mkdf-elements-holder   mkdf-one-column  mkdf-responsive-mode-768 \" ><div class=\"mkdf-eh-item    \" style=\"background-color: rgba(255,255,255,0.01)\" data-item-class=\"mkdf-eh-custom-2346\">\n\t<div class=\"mkdf-eh-item-inner\">\n\t\t<div class=\"mkdf-eh-item-content mkdf-eh-custom-2346\" >\n\t\t\t[vc_single_image image=&#8220;3303&#8243; img_size=&#8220;full&#8220;]\t\t<\/div>\n\t<\/div>\n<\/div><\/div>[\/vc_column][vc_column width=&#8220;1\/2&#8243; css=&#8220;.vc_custom_1708552137347{background-color: #fff0e9 !important;}&#8220;]<div class=\"mkdf-elements-holder   mkdf-one-column  mkdf-responsive-mode-768 \" ><div class=\"mkdf-eh-item    \"  data-item-class=\"mkdf-eh-custom-6281\">\n\t<div class=\"mkdf-eh-item-inner\">\n\t\t<div class=\"mkdf-eh-item-content mkdf-eh-custom-6281\" >\n\t\t\t<div class=\"mkdf-section-title-holder  \" style=\"text-align: center\">\n\t<div class=\"mkdf-st-inner\">\n        \t\t\t\t\t<h2 class=\"mkdf-st-title\" >\n\t\t\t\tUnser Shop\t\t\t<\/h2>\n\t\t\t\t\t<\/div>\n<\/div>[vc_empty_space height=&#8220;30px&#8220;]\t\t<\/div>\n\t<\/div>\n<\/div><\/div>[vc_row_inner][vc_column_inner width=&#8220;1\/2&#8243;]<div class=\"mkdf-elements-holder   mkdf-one-column  mkdf-responsive-mode-768 \" ><div class=\"mkdf-eh-item   mkdf-horizontal-alignment-center \"  data-item-class=\"mkdf-eh-custom-8151\">\n\t<div class=\"mkdf-eh-item-inner\">\n\t\t<div class=\"mkdf-eh-item-content mkdf-eh-custom-8151\" style=\"padding: 0px 0px 0px 20px\">\n\t\t\t[vc_column_text]<\/p>\n<p style=\"text-align: left;\">SOMMERFAHRPLAN<\/p>\n<p style=\"text-align: left;\">Montag: 09:30 &#8211; 12:45, 16:30 &#8211; 19:00 Dienstag: 09:30 &#8211; 12:45, 16:30 &#8211; 19:00 Mittwoch: 09:30 &#8211; 12:45 Donnerstag: 09:30 &#8211; 12:45, 16:30 &#8211; 19:00 Freitag: 09:30 &#8211; 12:45, 16:30 &#8211; 19:00 Samstag: 09:30 &#8211; 12:45, 16:30 &#8211; 19:00 Sonntag: 09:30 &#8211; 12:45<\/p>\n<p>[\/vc_column_text]\t\t<\/div>\n\t<\/div>\n<\/div><\/div>[\/vc_column_inner][vc_column_inner width=&#8220;1\/2&#8243;]<div class=\"mkdf-elements-holder   mkdf-one-column  mkdf-responsive-mode-768 \" ><div class=\"mkdf-eh-item    \"  data-item-class=\"mkdf-eh-custom-1499\">\n\t<div class=\"mkdf-eh-item-inner\">\n\t\t<div class=\"mkdf-eh-item-content mkdf-eh-custom-1499\" style=\"padding: 0px 0px 0px 20px\">\n\t\t\t[vc_column_text]WINTERZEITEN Montag: 09:30 &#8211; 12:45, 16:30 &#8211; 19:00 Dienstag: 09:30 &#8211; 12:45, 16:30 &#8211; 19:00 Mittwoch: GESCHLOSSEN Donnerstag: 09:30 &#8211; 12:45, 16:30 &#8211; 19:00 Freitag: 09:30 &#8211; 12:45, 16:30 &#8211; 19:00 Samstag: 09:30 &#8211; 12:45, 16:30 &#8211; 19:00 Sonntag: GESCHLOSSEN[\/vc_column_text]\t\t<\/div>\n\t<\/div>\n<\/div><\/div>[\/vc_column_inner][\/vc_row_inner][\/vc_column][\/vc_row][vc_row simple_background_color=&#8220;#ffffff&#8220;][vc_column css=&#8220;.vc_custom_1704241047026{margin-top: 100px !important;}&#8220;][vc_column_text]<\/p>\n<h5>KONTAKTIEREN SIE UNS!<\/h5>\n<p>[\/vc_column_text][vc_empty_space]\n<div class=\"wpcf7 no-js\" id=\"wpcf7-f5837-o1\" lang=\"de-DE\" dir=\"ltr\">\n<div class=\"screen-reader-response\"><p role=\"status\" aria-live=\"polite\" aria-atomic=\"true\"><\/p> <ul><\/ul><\/div>\n<form action=\"\/de\/wp-json\/wp\/v2\/pages\/5584#wpcf7-f5837-o1\" method=\"post\" class=\"wpcf7-form init cf7_custom_style_1\" aria-label=\"Kontaktformular\" novalidate=\"novalidate\" data-status=\"init\">\n<div style=\"display: none;\">\n<input type=\"hidden\" name=\"_wpcf7\" value=\"5837\" \/>\n<input type=\"hidden\" name=\"_wpcf7_version\" value=\"5.8.4\" \/>\n<input type=\"hidden\" name=\"_wpcf7_locale\" value=\"de_DE\" \/>\n<input type=\"hidden\" name=\"_wpcf7_unit_tag\" value=\"wpcf7-f5837-o1\" \/>\n<input type=\"hidden\" name=\"_wpcf7_container_post\" value=\"0\" \/>\n<input type=\"hidden\" name=\"_wpcf7_posted_data_hash\" value=\"\" \/>\n<input type=\"hidden\" name=\"_wpcf7_recaptcha_response\" value=\"\" \/>\n<\/div>\n<div>\n\t<div class=\"mkdf-grid-row mkdf-grid-tiny-gutter\">\n\t\t<div class=\"mkdf-grid-col-6\">\n\t\t\t<p><span class=\"wpcf7-form-control-wrap\" data-name=\"your-name\"><input size=\"40\" class=\"wpcf7-form-control wpcf7-text wpcf7-validates-as-required\" aria-required=\"true\" aria-invalid=\"false\" placeholder=\"Vorname und Nachname\" value=\"\" type=\"text\" name=\"your-name\" \/><\/span>\n\t\t\t<\/p>\n\t\t<\/div>\n\t\t<div class=\"mkdf-grid-col-6\">\n\t\t\t<p><span class=\"wpcf7-form-control-wrap\" data-name=\"your-email\"><input size=\"40\" class=\"wpcf7-form-control wpcf7-email wpcf7-validates-as-required wpcf7-text wpcf7-validates-as-email\" aria-required=\"true\" aria-invalid=\"false\" placeholder=\"Geben Sie Ihre E-Mail ein\" value=\"\" type=\"email\" name=\"your-email\" \/><\/span>\n\t\t\t<\/p>\n\t\t<\/div>\n\t<\/div>\n\t<div class=\"mkdf-grid-row\">\n\t\t<div class=\"mkdf-grid-col-12\">\n\t\t\t<p><span class=\"wpcf7-form-control-wrap\" data-name=\"your-message\"><textarea cols=\"40\" rows=\"10\" class=\"wpcf7-form-control wpcf7-textarea wpcf7-validates-as-required\" aria-required=\"true\" aria-invalid=\"false\" placeholder=\"Guten Morgen, ich m\u00f6chte gerne Informationen \u00fcber... Bei einer Anfrage f\u00fcr ein Hochzeitsarrangement gilt: Je vollst\u00e4ndiger Ihre Anfrage ist, desto einfacher ist es, ein Angebot zu erstellen, das Ihren Vorstellungen entspricht... Bitte geben Sie Ihren Vor- und Nachnamen, Ort, Datum und Uhrzeit der Zeremonie, Ihre Blumen- und Farbw\u00fcnsche und, wenn Sie es w\u00fcnschen, Ihr Budget an... Danke! Das Team der Fioreria Consolini Nicola\" name=\"your-message\"><\/textarea><\/span>\n\t\t\t<\/p>\n\t\t<\/div>\n\t<\/div>\n\t<div class=\"mkdf-grid-row\">\n\t\t<div class=\"mkdf-grid-col-12\">\n\t\t\t<p><label><span class=\"wpcf7-form-control-wrap\" data-name=\"privacy\"><span class=\"wpcf7-form-control wpcf7-acceptance\"><span class=\"wpcf7-list-item\"><input type=\"checkbox\" name=\"privacy\" value=\"1\" aria-invalid=\"false\" \/><\/span><\/span><\/span> Ich habe die <a href=\"https:\/\/www.iubenda.com\/privacy-policy\/47335404\" target=\"_blank\" rel=\"noopener\">Datenschutzbestimmungen<\/a> gelesen und akzeptiere sie<\/label>\n\t\t\t<\/p>\n\t\t<\/div>\n\t<\/div>\n\t<div class=\"mkdf-grid-row\">\n\t\t<div class=\"mkdf-grid-col-12\">\n\t\t\t<p style=\"margin-top:0; text-align: left;\"><br \/>\n<input class=\"wpcf7-form-control wpcf7-submit has-spinner\" type=\"submit\" value=\"Invia Messaggio\" \/>\n\t\t\t<\/p>\n\t\t<\/div>\n\t<\/div>\n<\/div><div class=\"wpcf7-response-output\" aria-hidden=\"true\"><\/div>\n<\/form>\n<\/div>\n[\/vc_column][vc_column css=&#8220;.vc_custom_1705602171680{padding-top: 100px !important;}&#8220;]<div class=\"mkdf-elements-holder   mkdf-one-column  mkdf-responsive-mode-768 \" ><\/div>[\/vc_column][\/vc_row][vc_row full_width=&#8220;stretch_row_content_no_spaces&#8220;][vc_column][vc_gmaps link=&#8220;#E-8_JTNDaWZyYW1lJTIwc3JjJTNEJTIyaHR0cHMlM0ElMkYlMkZ3d3cuZ29vZ2xlLmNvbSUyRm1hcHMlMkZlbWJlZCUzRnBiJTNEJTIxMW0xOCUyMTFtMTIlMjExbTMlMjExZDI3OTEuMDI2MjM5NDY0NDczJTIxMmQxMC42ODQyMzQyNzcwMjI0MzclMjEzZDQ1LjYxMDExNjY3MTA3NjcxJTIxMm0zJTIxMWYwJTIxMmYwJTIxM2YwJTIxM20yJTIxMWkxMDI0JTIxMmk3NjglMjE0ZjEzLjElMjEzbTMlMjExbTIlMjExczB4NDc4MWYzMTM5ZGE5YzNjYiUyNTNBMHgzNzkyNmZmNWI2YmU3NTU4JTIxMnNGaW9yZXJpYSUyNTIwQ29uc29saW5pJTI1MjBOaWNvbGElMjE1ZTAlMjEzbTIlMjExc2l0JTIxMnNpdCUyMTR2MTcwNTYwMDk2MjA4OCUyMTVtMiUyMTFzaXQlMjEyc2l0JTIyJTIwd2lkdGglM0QlMjI2MDAlMjIlMjBoZWlnaHQlM0QlMjI0NTAlMjIlMjBzdHlsZSUzRCUyMmJvcmRlciUzQTAlM0IlMjIlMjBhbGxvd2Z1bGxzY3JlZW4lM0QlMjIlMjIlMjBsb2FkaW5nJTNEJTIybGF6eSUyMiUyMHJlZmVycmVycG9saWN5JTNEJTIybm8tcmVmZXJyZXItd2hlbi1kb3duZ3JhZGUlMjIlM0UlM0MlMkZpZnJhbWUlM0U=&#8220;][\/vc_column][\/vc_row]<\/p>\n<\/section>","protected":false},"excerpt":{"rendered":"<p>[vc_row][vc_column css=&#8220;.vc_custom_1708556783689{margin-top: 80px !important;margin-bottom: 80px !important;}&#8220;][\/vc_column][\/vc_row][vc_row el_id=&#8220;contatti-icon&#8220; css=&#8220;.vc_custom_1727903653840{margin-bottom: 80px !important;}&#8220;][vc_column width=&#8220;1\/3&#8243;][\/vc_column][vc_column width=&#8220;1\/3&#8243;][\/vc_column][vc_column width=&#8220;1\/3&#8243;][\/vc_column][\/vc_row][vc_row equal_height=&#8220;yes&#8220; el_id=&#8220;orari&#8220;][vc_column width=&#8220;1\/2&#8243; css=&#8220;.vc_custom_1708552743037{padding-right: 0px !important;padding-left: 0px !important;}&#8220;][\/vc_column][vc_column width=&#8220;1\/2&#8243; css=&#8220;.vc_custom_1708552137347{background-color: #fff0e9 !important;}&#8220;][vc_row_inner][vc_column_inner width=&#8220;1\/2&#8243;][\/vc_column_inner][vc_column_inner width=&#8220;1\/2&#8243;][\/vc_column_inner][\/vc_row_inner][\/vc_column][\/vc_row][vc_row simple_background_color=&#8220;#ffffff&#8220;][vc_column css=&#8220;.vc_custom_1704241047026{margin-top: 100px !important;}&#8220;][vc_column_text] KONTAKTIEREN SIE UNS! [\/vc_column_text][vc_empty_space][\/vc_column][vc_column css=&#8220;.vc_custom_1705602171680{padding-top: 100px !important;}&#8220;][\/vc_column][\/vc_row][vc_row full_width=&#8220;stretch_row_content_no_spaces&#8220;][vc_column][vc_gmaps link=&#8220;#E-8_JTNDaWZyYW1lJTIwc3JjJTNEJTIyaHR0cHMlM0ElMkYlMkZ3d3cuZ29vZ2xlLmNvbSUyRm1hcHMlMkZlbWJlZCUzRnBiJTNEJTIxMW0xOCUyMTFtMTIlMjExbTMlMjExZDI3OTEuMDI2MjM5NDY0NDczJTIxMmQxMC42ODQyMzQyNzcwMjI0MzclMjEzZDQ1LjYxMDExNjY3MTA3NjcxJTIxMm0zJTIxMWYwJTIxMmYwJTIxM2YwJTIxM20yJTIxMWkxMDI0JTIxMmk3NjglMjE0ZjEzLjElMjEzbTMlMjExbTIlMjExczB4NDc4MWYzMTM5ZGE5YzNjYiUyNTNBMHgzNzkyNmZmNWI2YmU3NTU4JTIxMnNGaW9yZXJpYSUyNTIwQ29uc29saW5pJTI1MjBOaWNvbGElMjE1ZTAlMjEzbTIlMjExc2l0JTIxMnNpdCUyMTR2MTcwNTYwMDk2MjA4OCUyMTVtMiUyMTFzaXQlMjEyc2l0JTIyJTIwd2lkdGglM0QlMjI2MDAlMjIlMjBoZWlnaHQlM0QlMjI0NTAlMjIlMjBzdHlsZSUzRCUyMmJvcmRlciUzQTAlM0IlMjIlMjBhbGxvd2Z1bGxzY3JlZW4lM0QlMjIlMjIlMjBsb2FkaW5nJTNEJTIybGF6eSUyMiUyMHJlZmVycmVycG9saWN5JTNEJTIybm8tcmVmZXJyZXItd2hlbi1kb3duZ3JhZGUlMjIlM0UlM0MlMkZpZnJhbWUlM0U=&#8220;][\/vc_column][\/vc_row]<\/p>\n","protected":false},"author":1,"featured_media":0,"parent":0,"menu_order":0,"comment_status":"closed","ping_status":"closed","template":"","meta":{"inline_featured_image":false,"footnotes":""},"_links":{"self":[{"href":"https:\/\/www.fioreriaconsolininicola.it\/de\/wp-json\/wp\/v2\/pages\/5584"}],"collection":[{"href":"https:\/\/www.fioreriaconsolininicola.it\/de\/wp-json\/wp\/v2\/pages"}],"about":[{"href":"https:\/\/www.fioreriaconsolininicola.it\/de\/wp-json\/wp\/v2\/types\/page"}],"author":[{"embeddable":true,"href":"https:\/\/www.fioreriaconsolininicola.it\/de\/wp-json\/wp\/v2\/users\/1"}],"replies":[{"embeddable":true,"href":"https:\/\/www.fioreriaconsolininicola.it\/de\/wp-json\/wp\/v2\/comments?post=5584"}],"version-history":[{"count":14,"href":"https:\/\/www.fioreriaconsolininicola.it\/de\/wp-json\/wp\/v2\/pages\/5584\/revisions"}],"predecessor-version":[{"id":6205,"href":"https:\/\/www.fioreriaconsolininicola.it\/de\/wp-json\/wp\/v2\/pages\/5584\/revisions\/6205"}],"wp:attachment":[{"href":"https:\/\/www.fioreriaconsolininicola.it\/de\/wp-json\/wp\/v2\/media?parent=5584"}],"curies":[{"name":"wp","href":"https:\/\/api.w.org\/{rel}","templated":true}]}}